{"id":21,"date":"2018-09-17T06:53:18","date_gmt":"2018-09-17T09:53:18","guid":{"rendered":"http:\/\/wp.local\/?page_id=21"},"modified":"2025-06-17T16:42:12","modified_gmt":"2025-06-17T19:42:12","slug":"servicos-de-contabilidade-na-regiao-dos-lagos-rj","status":"publish","type":"page","link":"https:\/\/razaocontab.com\/?page_id=21","title":{"rendered":"Servi\u00e7os"},"content":{"rendered":"\t\t<div data-elementor-type=\"wp-post\" data-elementor-id=\"21\" class=\"elementor elementor-21\" data-elementor-post-type=\"page\">\n\t\t\t\t\t\t<section class=\"elementor-section elementor-top-section elementor-element elementor-element-2484227 elementor-section-boxed elementor-section-height-default elementor-section-height-default\" data-id=\"2484227\" data-element_type=\"section\" data-e-type=\"section\" id=\"title\" data-settings=\"{&quot;background_background&quot;:&quot;classic&quot;}\">\n\t\t\t\t\t\t<div class=\"elementor-container elementor-column-gap-default\">\n\t\t\t\t\t<div class=\"elementor-column elementor-col-100 elementor-top-column elementor-element elementor-element-10c7a52\" data-id=\"10c7a52\" data-element_type=\"column\" data-e-type=\"column\">\n\t\t\t<div class=\"elementor-widget-wrap elementor-element-populated\">\n\t\t\t\t\t\t<section class=\"elementor-section elementor-inner-section elementor-element elementor-element-78b690a elementor-section-boxed elementor-section-height-default elementor-section-height-default\" data-id=\"78b690a\" data-element_type=\"section\" data-e-type=\"section\">\n\t\t\t\t\t\t<div class=\"elementor-container elementor-column-gap-default\">\n\t\t\t\t\t<div class=\"elementor-column elementor-col-50 elementor-inner-column elementor-element elementor-element-587aee1\" data-id=\"587aee1\" data-element_type=\"column\" data-e-type=\"column\">\n\t\t\t<div class=\"elementor-widget-wrap elementor-element-populated\">\n\t\t\t\t\t\t<div class=\"elementor-element elementor-element-a965686 elementor-invisible elementor-widget elementor-widget-heading\" data-id=\"a965686\" data-element_type=\"widget\" data-e-type=\"widget\" data-settings=\"{&quot;_animation&quot;:&quot;fadeInLeft&quot;}\" data-widget_type=\"heading.default\">\n\t\t\t\t<div class=\"elementor-widget-container\">\n\t\t\t\t\t<h1 class=\"elementor-heading-title elementor-size-default\">SERVI\u00c7OS<\/h1>\t\t\t\t<\/div>\n\t\t\t\t<\/div>\n\t\t\t\t\t<\/div>\n\t\t<\/div>\n\t\t\t\t<div class=\"elementor-column elementor-col-50 elementor-inner-column elementor-element elementor-element-59b8b03\" data-id=\"59b8b03\" data-element_type=\"column\" data-e-type=\"column\">\n\t\t\t<div class=\"elementor-widget-wrap\">\n\t\t\t\t\t\t\t<\/div>\n\t\t<\/div>\n\t\t\t\t\t<\/div>\n\t\t<\/section>\n\t\t\t\t\t<\/div>\n\t\t<\/div>\n\t\t\t\t\t<\/div>\n\t\t<\/section>\n\t\t\t\t<section class=\"elementor-section elementor-top-section elementor-element elementor-element-405553c9 abas-home elementor-section-boxed elementor-section-height-default elementor-section-height-default\" data-id=\"405553c9\" data-element_type=\"section\" data-e-type=\"section\" id=\"servicos\" data-settings=\"{&quot;background_background&quot;:&quot;classic&quot;}\">\n\t\t\t\t\t\t<div class=\"elementor-container elementor-column-gap-default\">\n\t\t\t\t\t<div class=\"elementor-column elementor-col-100 elementor-top-column elementor-element elementor-element-38d11929\" data-id=\"38d11929\" data-element_type=\"column\" data-e-type=\"column\">\n\t\t\t<div class=\"elementor-widget-wrap elementor-element-populated\">\n\t\t\t\t\t\t<div class=\"elementor-element elementor-element-1750683f elementor-widget elementor-widget-heading\" data-id=\"1750683f\" data-element_type=\"widget\" data-e-type=\"widget\" data-widget_type=\"heading.default\">\n\t\t\t\t<div class=\"elementor-widget-container\">\n\t\t\t\t\t<h2 class=\"elementor-heading-title elementor-size-default\">CONHE\u00c7A MAIS<\/h2>\t\t\t\t<\/div>\n\t\t\t\t<\/div>\n\t\t\t\t<div class=\"elementor-element elementor-element-7ab9d6e5 elementor-widget elementor-widget-heading\" data-id=\"7ab9d6e5\" data-element_type=\"widget\" data-e-type=\"widget\" data-widget_type=\"heading.default\">\n\t\t\t\t<div class=\"elementor-widget-container\">\n\t\t\t\t\t<h2 class=\"elementor-heading-title elementor-size-default\">NOSSOS SERVI\u00c7OS<\/h2>\t\t\t\t<\/div>\n\t\t\t\t<\/div>\n\t\t\t\t<div class=\"elementor-element elementor-element-38a6fb71 elementor-widget elementor-widget-spacer\" data-id=\"38a6fb71\" data-element_type=\"widget\" data-e-type=\"widget\" data-widget_type=\"spacer.default\">\n\t\t\t\t<div class=\"elementor-widget-container\">\n\t\t\t\t\t\t\t<div class=\"elementor-spacer\">\n\t\t\t<div class=\"elementor-spacer-inner\"><\/div>\n\t\t<\/div>\n\t\t\t\t\t\t<\/div>\n\t\t\t\t<\/div>\n\t\t\t\t<div class=\"elementor-element elementor-element-4074634d elementor-tabs-view-horizontal elementor-widget elementor-widget-tabs\" data-id=\"4074634d\" data-element_type=\"widget\" data-e-type=\"widget\" data-widget_type=\"tabs.default\">\n\t\t\t\t<div class=\"elementor-widget-container\">\n\t\t\t\t\t\t\t<div class=\"elementor-tabs\">\n\t\t\t<div class=\"elementor-tabs-wrapper\" role=\"tablist\" >\n\t\t\t\t\t\t\t\t\t<div id=\"elementor-tab-title-1081\" class=\"elementor-tab-title elementor-tab-desktop-title\" aria-selected=\"true\" data-tab=\"1\" role=\"tab\" tabindex=\"0\" aria-controls=\"elementor-tab-content-1081\" aria-expanded=\"false\">Societ\u00e1rio<\/div>\n\t\t\t\t\t\t\t\t\t<div id=\"elementor-tab-title-1082\" class=\"elementor-tab-title elementor-tab-desktop-title\" aria-selected=\"false\" data-tab=\"2\" role=\"tab\" tabindex=\"-1\" aria-controls=\"elementor-tab-content-1082\" aria-expanded=\"false\">Trabalhista<\/div>\n\t\t\t\t\t\t\t\t\t<div id=\"elementor-tab-title-1083\" class=\"elementor-tab-title elementor-tab-desktop-title\" aria-selected=\"false\" data-tab=\"3\" role=\"tab\" tabindex=\"-1\" aria-controls=\"elementor-tab-content-1083\" aria-expanded=\"false\">Fiscal \/ Tribut\u00e1rio<\/div>\n\t\t\t\t\t\t\t\t\t<div id=\"elementor-tab-title-1084\" class=\"elementor-tab-title elementor-tab-desktop-title\" aria-selected=\"false\" data-tab=\"4\" role=\"tab\" tabindex=\"-1\" aria-controls=\"elementor-tab-content-1084\" aria-expanded=\"false\">Cont\u00e1bil<\/div>\n\t\t\t\t\t\t\t\t\t<div id=\"elementor-tab-title-1085\" class=\"elementor-tab-title elementor-tab-desktop-title\" aria-selected=\"false\" data-tab=\"5\" role=\"tab\" tabindex=\"-1\" aria-controls=\"elementor-tab-content-1085\" aria-expanded=\"false\">imposto de Renda<\/div>\n\t\t\t\t\t\t\t<\/div>\n\t\t\t<div class=\"elementor-tabs-content-wrapper\" role=\"tablist\" aria-orientation=\"vertical\">\n\t\t\t\t\t\t\t\t\t<div class=\"elementor-tab-title elementor-tab-mobile-title\" aria-selected=\"true\" data-tab=\"1\" role=\"tab\" tabindex=\"0\" aria-controls=\"elementor-tab-content-1081\" aria-expanded=\"false\">Societ\u00e1rio<\/div>\n\t\t\t\t\t<div id=\"elementor-tab-content-1081\" class=\"elementor-tab-content elementor-clearfix\" data-tab=\"1\" role=\"tabpanel\" aria-labelledby=\"elementor-tab-title-1081\" tabindex=\"0\" hidden=\"false\"><div id=\"divsServicos\"><div class=\"servicos-col-1\"><h2 style=\"color: #fff; font-weight: bold;\">Societ\u00e1rio<\/h2><ul class=\"listaDeIcones icons-absolute\"><li>Abertura e fechamento de Empresas;<\/li><li>Altera\u00e7\u00e3o no Contrato Social da Empresa;<\/li><li>Incorpora\u00e7\u00e3o de empresas e transforma\u00e7\u00f5es Societ\u00e1rias;<\/li><li>Registro de Atas;<\/li><li>Legaliza\u00e7\u00e3o de Obras;<\/li><li>Registro de Institui\u00e7\u00f5es Sem Fins Lucrativos.<\/li><\/ul><p>\u00a0<\/p><div class=\"elementor-element elementor-element-545e4e05 elementor-button-danger elementor-align-left elementor-widget elementor-widget-button\" data-id=\"545e4e05\" data-element_type=\"button.default\"><div class=\"elementor-widget-container\"><div class=\"elementor-button-wrapper\"><a class=\"elementor-button-link elementor-button elementor-size-md\" role=\"button\" href=\"\/contato\"><br \/><span class=\"elementor-button-content-wrapper\"><br \/><span class=\"elementor-button-text\">Fale com um especialista<\/span><br \/><\/span><br \/><\/a><\/div><\/div><\/div><\/div><div class=\"servicos-col-2\"><img decoding=\"async\" class=\"alignnone size-medium wp-image-409\" src=\"https:\/\/razaocontab.com\/wp-content\/uploads\/2018\/11\/img-servico5.jpg\" alt=\"Abertura E Legalizacao Min - Mic Cont\u00e1bil\" width=\"100%\" \/><\/div><\/div><\/div>\n\t\t\t\t\t\t\t\t\t<div class=\"elementor-tab-title elementor-tab-mobile-title\" aria-selected=\"false\" data-tab=\"2\" role=\"tab\" tabindex=\"-1\" aria-controls=\"elementor-tab-content-1082\" aria-expanded=\"false\">Trabalhista<\/div>\n\t\t\t\t\t<div id=\"elementor-tab-content-1082\" class=\"elementor-tab-content elementor-clearfix\" data-tab=\"2\" role=\"tabpanel\" aria-labelledby=\"elementor-tab-title-1082\" tabindex=\"0\" hidden=\"hidden\"><div id=\"divsServicos\"><div class=\"servicos-col-1\"><h2 style=\"color: #fff; font-weight: bold;\">Trabalhista<\/h2><ul class=\"listaDeIcones icons-absolute\"><li>Admiss\u00e3o e Demiss\u00e3o de empregados;<\/li><li>Elabora\u00e7\u00e3o da Folha de Pagamento;<\/li><li>Recibos de Pr\u00f3-Labore;<\/li><li>CAGED;<\/li><li>RAIS;<\/li><li>Programa\u00e7\u00e3o, aviso e recibo de f\u00e9rias;<\/li><li>Guia de Recolhimento de FGTS;<\/li><li>Implanta\u00e7\u00e3o e atendimento ao e-Social.<\/li><li>Assessoria em todas as rotinas trabalhistas;<\/li><li>An\u00e1lise, orienta\u00e7\u00e3o e controle da aplica\u00e7\u00e3o da legisla\u00e7\u00e3o vigente;<\/li><li>Assessoria no atendimento \u00e0 fiscaliza\u00e7\u00e3o.<\/li><\/ul><p>\u00a0<\/p><div class=\"elementor-element elementor-element-545e4e05 elementor-button-danger elementor-align-left elementor-widget elementor-widget-button\" data-id=\"545e4e05\" data-element_type=\"button.default\"><div class=\"elementor-widget-container\"><div class=\"elementor-button-wrapper\"><a class=\"elementor-button-link elementor-button elementor-size-md\" role=\"button\" href=\"\/contato\"><br \/><span class=\"elementor-button-content-wrapper\"><br \/><span class=\"elementor-button-text\">Fale com um especialista<\/span><br \/><\/span><br \/><\/a><\/div><\/div><\/div><\/div><div class=\"servicos-col-2\"><img decoding=\"async\" class=\"alignnone size-medium wp-image-409\" src=\"https:\/\/razaocontab.com\/wp-content\/uploads\/2018\/11\/img-servico.jpg\" alt=\"Abertura E Legalizacao Min - Mic Cont\u00e1bil\" width=\"100%\" \/><\/div><\/div><\/div>\n\t\t\t\t\t\t\t\t\t<div class=\"elementor-tab-title elementor-tab-mobile-title\" aria-selected=\"false\" data-tab=\"3\" role=\"tab\" tabindex=\"-1\" aria-controls=\"elementor-tab-content-1083\" aria-expanded=\"false\">Fiscal \/ Tribut\u00e1rio<\/div>\n\t\t\t\t\t<div id=\"elementor-tab-content-1083\" class=\"elementor-tab-content elementor-clearfix\" data-tab=\"3\" role=\"tabpanel\" aria-labelledby=\"elementor-tab-title-1083\" tabindex=\"0\" hidden=\"hidden\"><div id=\"divsServicos\"><div class=\"servicos-col-1\"><h2 style=\"color: #fff; font-weight: bold;\">Fiscal \/ Tribut\u00e1rio<\/h2><ul class=\"listaDeIcones icons-absolute\"><li>An\u00e1lise, orienta\u00e7\u00e3o e controle da aplica\u00e7\u00e3o da legisla\u00e7\u00e3o fiscal;<\/li><li>Apura\u00e7\u00e3o de Impostos e envio das declara\u00e7\u00f5es e obriga\u00e7\u00f5es acess\u00f3rias;<\/li><li>Assessoria no atendimento \u00e0 fiscaliza\u00e7\u00e3o;<\/li><li>Assessoria no parcelamento de d\u00e9bitos tribut\u00e1rios;<\/li><li>Assessoria nos processos de restitui\u00e7\u00e3o e compensa\u00e7\u00e3o de impostos.<\/li><li>Planejamento tribut\u00e1rio.<\/li><\/ul><p>\u00a0<\/p><div class=\"elementor-element elementor-element-545e4e05 elementor-button-danger elementor-align-left elementor-widget elementor-widget-button\" data-id=\"545e4e05\" data-element_type=\"button.default\"><div class=\"elementor-widget-container\"><div class=\"elementor-button-wrapper\"><a class=\"elementor-button-link elementor-button elementor-size-md\" role=\"button\" href=\"\/contato\"><br \/><span class=\"elementor-button-content-wrapper\"><br \/><span class=\"elementor-button-text\">Fale com um especialista<\/span><br \/><\/span><br \/><\/a><\/div><\/div><\/div><\/div><div class=\"servicos-col-2\"><img decoding=\"async\" class=\"alignnone size-medium wp-image-409\" src=\"https:\/\/razaocontab.com\/wp-content\/uploads\/2018\/11\/img-servico2.jpg\" alt=\"Abertura E Legalizacao Min - Mic Cont\u00e1bil\" width=\"100%\" \/><\/div><\/div><\/div>\n\t\t\t\t\t\t\t\t\t<div class=\"elementor-tab-title elementor-tab-mobile-title\" aria-selected=\"false\" data-tab=\"4\" role=\"tab\" tabindex=\"-1\" aria-controls=\"elementor-tab-content-1084\" aria-expanded=\"false\">Cont\u00e1bil<\/div>\n\t\t\t\t\t<div id=\"elementor-tab-content-1084\" class=\"elementor-tab-content elementor-clearfix\" data-tab=\"4\" role=\"tabpanel\" aria-labelledby=\"elementor-tab-title-1084\" tabindex=\"0\" hidden=\"hidden\"><div id=\"divsServicos\"><div class=\"servicos-col-1\"><h2 style=\"color: #fff; font-weight: bold;\">Cont\u00e1bil<\/h2><ul class=\"listaDeIcones icons-absolute\"><li>Escritura\u00e7\u00e3o cont\u00e1bil e elabora\u00e7\u00e3o de balancetes, balan\u00e7os e demonstra\u00e7\u00f5es financeiras;<\/li><li>Cumprimento de todas as obriga\u00e7\u00f5es acess\u00f3rias cont\u00e1beis.<\/li><\/ul><p>\u00a0<\/p><div class=\"elementor-element elementor-element-545e4e05 elementor-button-danger elementor-align-left elementor-widget elementor-widget-button\" data-id=\"545e4e05\" data-element_type=\"button.default\"><div class=\"elementor-widget-container\"><div class=\"elementor-button-wrapper\"><a class=\"elementor-button-link elementor-button elementor-size-md\" role=\"button\" href=\"\/contato\"><br \/><span class=\"elementor-button-content-wrapper\"><br \/><span class=\"elementor-button-text\">Fale com um especialista<\/span><br \/><\/span><br \/><\/a><\/div><\/div><\/div><\/div><div class=\"servicos-col-2\"><img decoding=\"async\" class=\"alignnone size-medium wp-image-409\" src=\"https:\/\/razaocontab.com\/wp-content\/uploads\/2018\/11\/img-servico4.jpg\" alt=\"Abertura E Legalizacao Min - Mic Cont\u00e1bil\" width=\"100%\" \/><\/div><\/div><\/div>\n\t\t\t\t\t\t\t\t\t<div class=\"elementor-tab-title elementor-tab-mobile-title\" aria-selected=\"false\" data-tab=\"5\" role=\"tab\" tabindex=\"-1\" aria-controls=\"elementor-tab-content-1085\" aria-expanded=\"false\">imposto de Renda<\/div>\n\t\t\t\t\t<div id=\"elementor-tab-content-1085\" class=\"elementor-tab-content elementor-clearfix\" data-tab=\"5\" role=\"tabpanel\" aria-labelledby=\"elementor-tab-title-1085\" tabindex=\"0\" hidden=\"hidden\"><div id=\"divsServicos\"><div class=\"servicos-col-1\"><h2 style=\"color: #fff; font-weight: bold;\">Imposto de renda<\/h2><ul class=\"listaDeIcones icons-absolute\"><li>Declara\u00e7\u00e3o de Imposto de Renda Pessoa F\u00edsica;<\/li><li>Declara\u00e7\u00e3o Final de Esp\u00f3lio;<\/li><li>Livro Caixa;<\/li><li>C\u00e1lculos de ganho de capital e lucros imobili\u00e1rios.<\/li><li>Previdenci\u00e1ria<\/li><li>Assessoria no encaminhamento de aposentadoria e pens\u00f5es;<\/li><li>Assessoria no parcelamento de d\u00e9bitos previdenci\u00e1rios.<\/li><\/ul><p>\u00a0<\/p><div class=\"elementor-element elementor-element-545e4e05 elementor-button-danger elementor-align-left elementor-widget elementor-widget-button\" data-id=\"545e4e05\" data-element_type=\"button.default\"><div class=\"elementor-widget-container\"><div class=\"elementor-button-wrapper\"><a class=\"elementor-button-link elementor-button elementor-size-md\" role=\"button\" href=\"\/contato\"><br \/><span class=\"elementor-button-content-wrapper\"><br \/><span class=\"elementor-button-text\">Fale com um especialista<\/span><br \/><\/span><br \/><\/a><\/div><\/div><\/div><\/div><div class=\"servicos-col-2\"><img decoding=\"async\" class=\"alignnone size-medium wp-image-409\" src=\"https:\/\/razaocontab.com\/wp-content\/uploads\/2018\/11\/img-servico3.jpg\" alt=\"Abertura E Legalizacao Min - Mic Cont\u00e1bil\" width=\"100%\" \/><\/div><\/div><\/div>\n\t\t\t\t\t\t\t<\/div>\n\t\t<\/div>\n\t\t\t\t\t\t<\/div>\n\t\t\t\t<\/div>\n\t\t\t\t\t<\/div>\n\t\t<\/div>\n\t\t\t\t\t<\/div>\n\t\t<\/section>\n\t\t\t\t<\/div>\n\t\t","protected":false},"excerpt":{"rendered":"<p>SERVI\u00c7OS CONHE\u00c7A MAIS NOSSOS SERVI\u00c7OS Societ\u00e1rio Trabalhista Fiscal \/ Tribut\u00e1rio Cont\u00e1bil imposto de Renda Societ\u00e1rio Societ\u00e1rio Abertura e fechamento de Empresas; Altera\u00e7\u00e3o no Contrato Social da Empresa; Incorpora\u00e7\u00e3o de empresas e transforma\u00e7\u00f5es Societ\u00e1rias; Registro de Atas; Legaliza\u00e7\u00e3o de Obras; Registro de Institui\u00e7\u00f5es Sem Fins Lucrativos. \u00a0 Fale com um especialista Trabalhista Trabalhista Admiss\u00e3o e Demiss\u00e3o &#8230; <a title=\"Servi\u00e7os\" class=\"read-more\" href=\"https:\/\/razaocontab.com\/?page_id=21\" aria-label=\"Read more about Servi\u00e7os\">Ler mais<\/a><\/p>\n","protected":false},"author":2,"featured_media":0,"parent":0,"menu_order":0,"comment_status":"closed","ping_status":"closed","template":"elementor_header_footer","meta":{"_joinchat":[],"footnotes":""},"class_list":["post-21","page","type-page","status-publish"],"_links":{"self":[{"href":"https:\/\/razaocontab.com\/index.php?rest_route=\/wp\/v2\/pages\/21","targetHints":{"allow":["GET"]}}],"collection":[{"href":"https:\/\/razaocontab.com\/index.php?rest_route=\/wp\/v2\/pages"}],"about":[{"href":"https:\/\/razaocontab.com\/index.php?rest_route=\/wp\/v2\/types\/page"}],"author":[{"embeddable":true,"href":"https:\/\/razaocontab.com\/index.php?rest_route=\/wp\/v2\/users\/2"}],"replies":[{"embeddable":true,"href":"https:\/\/razaocontab.com\/index.php?rest_route=%2Fwp%2Fv2%2Fcomments&post=21"}],"version-history":[{"count":8,"href":"https:\/\/razaocontab.com\/index.php?rest_route=\/wp\/v2\/pages\/21\/revisions"}],"predecessor-version":[{"id":7385,"href":"https:\/\/razaocontab.com\/index.php?rest_route=\/wp\/v2\/pages\/21\/revisions\/7385"}],"wp:attachment":[{"href":"https:\/\/razaocontab.com\/index.php?rest_route=%2Fwp%2Fv2%2Fmedia&parent=21"}],"curies":[{"name":"wp","href":"https:\/\/api.w.org\/{rel}","templated":true}]}}