{"id":1821,"date":"2016-07-07T13:22:05","date_gmt":"2016-07-07T13:22:05","guid":{"rendered":"http:\/\/blog.razaocontab.com\/?page_id=1821"},"modified":"2025-06-17T16:01:15","modified_gmt":"2025-06-17T19:01:15","slug":"indicadores","status":"publish","type":"page","link":"https:\/\/razaocontab.com\/?page_id=1821","title":{"rendered":"Indicadores"},"content":{"rendered":"\t\t<div data-elementor-type=\"wp-post\" data-elementor-id=\"1821\" class=\"elementor elementor-1821\" data-elementor-post-type=\"page\">\n\t\t\t\t\t\t<section class=\"elementor-section elementor-top-section elementor-element elementor-element-3dedb493 elementor-section-boxed elementor-section-height-default elementor-section-height-default\" data-id=\"3dedb493\" data-element_type=\"section\" data-e-type=\"section\">\n\t\t\t\t\t\t<div class=\"elementor-container elementor-column-gap-default\">\n\t\t\t\t\t<div class=\"elementor-column elementor-col-100 elementor-top-column elementor-element elementor-element-5d899a11\" data-id=\"5d899a11\" data-element_type=\"column\" data-e-type=\"column\">\n\t\t\t<div class=\"elementor-widget-wrap elementor-element-populated\">\n\t\t\t\t\t\t<div class=\"elementor-element elementor-element-1ddfc35a elementor-widget elementor-widget-text-editor\" data-id=\"1ddfc35a\" data-element_type=\"widget\" data-e-type=\"widget\" data-widget_type=\"text-editor.default\">\n\t\t\t\t<div class=\"elementor-widget-container\">\n\t\t\t\t\t\t\t\t\t<h3><strong>INDICADORES DE INFLA\u00c7\u00c3O<\/strong><\/h3>\n<script src=\"http:\/\/www.debit.com.br\/resumogratuito.php?info=inflacao\" type=\"text\/javascript\"><\/script>\n\n<h3><strong>INDICADORES DIVERSOS<\/strong><\/h3>\n\n<script src=\"http:\/\/www.debit.com.br\/resumogratuito.php?info=diversos\" type=\"text\/javascript\"><\/script>\n<h3><strong>D\u00d3LAR (FECHAMENTO DOS \u00daLTIMOS DIAS)<\/strong><\/h3>\n<script src=\"http:\/\/www.debit.com.br\/resumogratuito.php?info=dolar\" type=\"text\/javascript\"><\/script>\n<h3><strong>D\u00d3LAR (COTA\u00c7\u00c3O ATUAL)<\/strong><\/h3>\n<a href=\"http:\/\/www.debit.com.br\" target=\"_blank\"><img decoding=\"async\" title=\"Corre\u00e7\u00e3o monet\u00e1ria e c\u00e1lculos trabalhistas\" src=\"http:\/\/www.debit.com.br\/indicadores.php\" \/><\/a>\t\t\t\t\t\t\t\t<\/div>\n\t\t\t\t<\/div>\n\t\t\t\t\t<\/div>\n\t\t<\/div>\n\t\t\t\t\t<\/div>\n\t\t<\/section>\n\t\t\t\t<\/div>\n\t\t","protected":false},"excerpt":{"rendered":"<p>INDICADORES DE INFLA\u00c7\u00c3O INDICADORES DIVERSOS D\u00d3LAR (FECHAMENTO DOS \u00daLTIMOS DIAS) D\u00d3LAR (COTA\u00c7\u00c3O ATUAL)<\/p>\n","protected":false},"author":2,"featured_media":0,"parent":0,"menu_order":0,"comment_status":"closed","ping_status":"closed","template":"elementor_header_footer","meta":{"_joinchat":[],"footnotes":""},"class_list":["post-1821","page","type-page","status-publish"],"_links":{"self":[{"href":"https:\/\/razaocontab.com\/index.php?rest_route=\/wp\/v2\/pages\/1821","targetHints":{"allow":["GET"]}}],"collection":[{"href":"https:\/\/razaocontab.com\/index.php?rest_route=\/wp\/v2\/pages"}],"about":[{"href":"https:\/\/razaocontab.com\/index.php?rest_route=\/wp\/v2\/types\/page"}],"author":[{"embeddable":true,"href":"https:\/\/razaocontab.com\/index.php?rest_route=\/wp\/v2\/users\/2"}],"replies":[{"embeddable":true,"href":"https:\/\/razaocontab.com\/index.php?rest_route=%2Fwp%2Fv2%2Fcomments&post=1821"}],"version-history":[{"count":5,"href":"https:\/\/razaocontab.com\/index.php?rest_route=\/wp\/v2\/pages\/1821\/revisions"}],"predecessor-version":[{"id":7294,"href":"https:\/\/razaocontab.com\/index.php?rest_route=\/wp\/v2\/pages\/1821\/revisions\/7294"}],"wp:attachment":[{"href":"https:\/\/razaocontab.com\/index.php?rest_route=%2Fwp%2Fv2%2Fmedia&parent=1821"}],"curies":[{"name":"wp","href":"https:\/\/api.w.org\/{rel}","templated":true}]}}