{"id":1587,"date":"2016-04-15T21:07:02","date_gmt":"2016-04-15T21:07:02","guid":{"rendered":"http:\/\/blog.razaocontab.com\/?page_id=1587"},"modified":"2025-06-17T15:17:17","modified_gmt":"2025-06-17T18:17:17","slug":"calculo-do-icms-st-pelo-arquivo-xml","status":"publish","type":"page","link":"https:\/\/razaocontab.com\/?page_id=1587","title":{"rendered":"C\u00e1lculo do ICMS-ST pelo arquivo \u201cxml\u201d"},"content":{"rendered":"\t\t<div data-elementor-type=\"wp-post\" data-elementor-id=\"1587\" class=\"elementor elementor-1587\" data-elementor-post-type=\"page\">\n\t\t\t\t\t\t<section class=\"elementor-section elementor-top-section elementor-element elementor-element-712f6814 elementor-section-boxed elementor-section-height-default elementor-section-height-default\" data-id=\"712f6814\" data-element_type=\"section\" data-e-type=\"section\">\n\t\t\t\t\t\t<div class=\"elementor-container elementor-column-gap-default\">\n\t\t\t\t\t<div class=\"elementor-column elementor-col-100 elementor-top-column elementor-element elementor-element-b7bc923\" data-id=\"b7bc923\" data-element_type=\"column\" data-e-type=\"column\">\n\t\t\t<div class=\"elementor-widget-wrap elementor-element-populated\">\n\t\t\t\t\t\t<div class=\"elementor-element elementor-element-36b2a26b elementor-widget elementor-widget-text-editor\" data-id=\"36b2a26b\" data-element_type=\"widget\" data-e-type=\"widget\" data-widget_type=\"text-editor.default\">\n\t\t\t\t<div class=\"elementor-widget-container\">\n\t\t\t\t\t\t\t\t\t<h1><strong>Calcule o valor da substitui\u00e7\u00e3o tributaria usando o arquivo .xml de entrada da NF-e<\/strong><\/h1>\n<iframe src=\"http:\/\/www.calcularst.com.br\/\" width=\"100%\" height=\"1600\">Se quiser escrever algo que n\u00e3o tem escrito no seu site mas vc queira mostrar, escreva nessa \u00e1rea, se n\u00e3o, deixe em branco<\/iframe>\t\t\t\t\t\t\t\t<\/div>\n\t\t\t\t<\/div>\n\t\t\t\t\t<\/div>\n\t\t<\/div>\n\t\t\t\t\t<\/div>\n\t\t<\/section>\n\t\t\t\t<\/div>\n\t\t","protected":false},"excerpt":{"rendered":"<p>Calcule o valor da substitui\u00e7\u00e3o tributaria usando o arquivo .xml de entrada da NF-e Se quiser escrever algo que n\u00e3o tem escrito no seu site mas vc queira mostrar, escreva nessa \u00e1rea, se n\u00e3o, deixe em branco<\/p>\n","protected":false},"author":2,"featured_media":0,"parent":0,"menu_order":0,"comment_status":"closed","ping_status":"closed","template":"elementor_header_footer","meta":{"_joinchat":[],"footnotes":""},"class_list":["post-1587","page","type-page","status-publish"],"_links":{"self":[{"href":"https:\/\/razaocontab.com\/index.php?rest_route=\/wp\/v2\/pages\/1587","targetHints":{"allow":["GET"]}}],"collection":[{"href":"https:\/\/razaocontab.com\/index.php?rest_route=\/wp\/v2\/pages"}],"about":[{"href":"https:\/\/razaocontab.com\/index.php?rest_route=\/wp\/v2\/types\/page"}],"author":[{"embeddable":true,"href":"https:\/\/razaocontab.com\/index.php?rest_route=\/wp\/v2\/users\/2"}],"replies":[{"embeddable":true,"href":"https:\/\/razaocontab.com\/index.php?rest_route=%2Fwp%2Fv2%2Fcomments&post=1587"}],"version-history":[{"count":8,"href":"https:\/\/razaocontab.com\/index.php?rest_route=\/wp\/v2\/pages\/1587\/revisions"}],"predecessor-version":[{"id":7201,"href":"https:\/\/razaocontab.com\/index.php?rest_route=\/wp\/v2\/pages\/1587\/revisions\/7201"}],"wp:attachment":[{"href":"https:\/\/razaocontab.com\/index.php?rest_route=%2Fwp%2Fv2%2Fmedia&parent=1587"}],"curies":[{"name":"wp","href":"https:\/\/api.w.org\/{rel}","templated":true}]}}